{"id":2,"date":"2022-08-10T18:53:25","date_gmt":"2022-08-10T18:53:25","guid":{"rendered":"https:\/\/acotevel.com.co\/?page_id=2"},"modified":"2024-07-28T23:23:03","modified_gmt":"2024-07-28T23:23:03","slug":"vivo","status":"publish","type":"page","link":"https:\/\/acotevel.com.co\/index.php\/vivo\/","title":{"rendered":"Transmisi\u00f3n en vivo"},"content":{"rendered":"\t\t<div data-elementor-type=\"wp-page\" data-elementor-id=\"2\" class=\"elementor elementor-2\">\n\t\t\t\t\t\t\t\t\t<section class=\"elementor-section elementor-top-section elementor-element elementor-element-21418b74 elementor-section-boxed elementor-section-height-default elementor-section-height-default\" data-id=\"21418b74\" data-element_type=\"section\">\n\t\t\t\t\t\t<div class=\"elementor-container elementor-column-gap-default\">\n\t\t\t\t\t<div class=\"elementor-column elementor-col-100 elementor-top-column elementor-element elementor-element-291b3366\" data-id=\"291b3366\" data-element_type=\"column\">\n\t\t\t<div class=\"elementor-widget-wrap elementor-element-populated\">\n\t\t\t\t\t\t\t\t<div class=\"elementor-element elementor-element-6658bca elementor-widget elementor-widget-video\" data-id=\"6658bca\" data-element_type=\"widget\" data-settings=\"{&quot;youtube_url&quot;:&quot;https:\\\/\\\/www.youtube.com\\\/embed\\\/R0iOLn9xUNI?si=h4EO9TkmwvXR0yxx&quot;,&quot;autoplay&quot;:&quot;yes&quot;,&quot;play_on_mobile&quot;:&quot;yes&quot;,&quot;video_type&quot;:&quot;youtube&quot;,&quot;controls&quot;:&quot;yes&quot;}\" data-widget_type=\"video.default\">\n\t\t\t\t<div class=\"elementor-widget-container\">\n\t\t\t<style>\/*! elementor - v3.16.0 - 09-10-2023 *\/\n.elementor-widget-video .elementor-widget-container{overflow:hidden;transform:translateZ(0)}.elementor-widget-video .elementor-wrapper{aspect-ratio:var(--video-aspect-ratio)}.elementor-widget-video .elementor-wrapper iframe,.elementor-widget-video .elementor-wrapper video{height:100%;width:100%;display:flex;border:none;background-color:#000}@supports not (aspect-ratio:1\/1){.elementor-widget-video .elementor-wrapper{position:relative;overflow:hidden;height:0;padding-bottom:calc(100% \/ var(--video-aspect-ratio))}.elementor-widget-video .elementor-wrapper iframe,.elementor-widget-video .elementor-wrapper video{position:absolute;top:0;right:0;bottom:0;left:0}}.elementor-widget-video .elementor-open-inline .elementor-custom-embed-image-overlay{position:absolute;top:0;right:0;bottom:0;left:0;background-size:cover;background-position:50%}.elementor-widget-video .elementor-custom-embed-image-overlay{cursor:pointer;text-align:center}.elementor-widget-video .elementor-custom-embed-image-overlay:hover .elementor-custom-embed-play i{opacity:1}.elementor-widget-video .elementor-custom-embed-image-overlay img{display:block;width:100%;aspect-ratio:var(--video-aspect-ratio);-o-object-fit:cover;object-fit:cover;-o-object-position:center center;object-position:center center}@supports not (aspect-ratio:1\/1){.elementor-widget-video .elementor-custom-embed-image-overlay{position:relative;overflow:hidden;height:0;padding-bottom:calc(100% \/ var(--video-aspect-ratio))}.elementor-widget-video .elementor-custom-embed-image-overlay img{position:absolute;top:0;right:0;bottom:0;left:0}}.elementor-widget-video .e-hosted-video .elementor-video{-o-object-fit:cover;object-fit:cover}.e-con-inner>.elementor-widget-video,.e-con>.elementor-widget-video{width:var(--container-widget-width);--flex-grow:var(--container-widget-flex-grow)}<\/style>\t\t<div class=\"elementor-wrapper elementor-open-inline\">\n\t\t\t<div class=\"elementor-video\"><\/div>\t\t<\/div>\n\t\t\t\t<\/div>\n\t\t\t\t<\/div>\n\t\t\t\t<div class=\"elementor-element elementor-element-1a586c78 elementor-widget elementor-widget-text-editor\" data-id=\"1a586c78\" data-element_type=\"widget\" data-widget_type=\"text-editor.default\">\n\t\t\t\t<div class=\"elementor-widget-container\">\n\t\t\t<style>\/*! elementor - v3.16.0 - 09-10-2023 *\/\n.elementor-widget-text-editor.elementor-drop-cap-view-stacked .elementor-drop-cap{background-color:#69727d;color:#fff}.elementor-widget-text-editor.elementor-drop-cap-view-framed .elementor-drop-cap{color:#69727d;border:3px solid;background-color:transparent}.elementor-widget-text-editor:not(.elementor-drop-cap-view-default) .elementor-drop-cap{margin-top:8px}.elementor-widget-text-editor:not(.elementor-drop-cap-view-default) .elementor-drop-cap-letter{width:1em;height:1em}.elementor-widget-text-editor .elementor-drop-cap{float:left;text-align:center;line-height:1;font-size:50px}.elementor-widget-text-editor .elementor-drop-cap-letter{display:inline-block}<\/style>\t\t\t\t\t\t\t\t\t\t<\/div>\n\t\t\t\t<\/div>\n\t\t\t\t\t<\/div>\n\t\t<\/div>\n\t\t\t\t\t\t\t<\/div>\n\t\t<\/section>\n\t\t\t\t\t\t\t<\/div>\n\t\t","protected":false},"excerpt":{"rendered":"<p>https:\/\/youtube.com\/watch?v=R0iOLn9xUNI%3Fsi%3Dh4EO9TkmwvXR0yxx<\/p>\n","protected":false},"author":1,"featured_media":0,"parent":0,"menu_order":0,"comment_status":"closed","ping_status":"open","template":"","meta":{"site-sidebar-layout":"default","site-content-layout":"default","ast-global-header-display":"","ast-main-header-display":"","ast-hfb-above-header-display":"","ast-hfb-below-header-display":"","ast-hfb-mobile-header-display":"","site-post-title":"","ast-breadcrumbs-content":"","ast-featured-img":"","footer-sml-layout":"","theme-transparent-header-meta":"","adv-header-id-meta":"","stick-header-meta":"","header-above-stick-meta":"","header-main-stick-meta":"","header-below-stick-meta":"","footnotes":""},"class_list":["post-2","page","type-page","status-publish","hentry"],"yoast_head":"<!-- This site is optimized with the Yoast SEO plugin v21.2 - https:\/\/yoast.com\/wordpress\/plugins\/seo\/ -->\n<title>Transmisi\u00f3n en vivo - Acotevel<\/title>\n<meta name=\"description\" content=\"transmisi\u00f3n en vivo contenido cultural y noticioso de la provincia de V\u00e9lez\" \/>\n<meta name=\"robots\" content=\"index, follow, max-snippet:-1, max-image-preview:large, max-video-preview:-1\" \/>\n<link rel=\"canonical\" href=\"https:\/\/acotevel.com.co\/index.php\/vivo\/\" \/>\n<meta property=\"og:locale\" content=\"es_ES\" \/>\n<meta property=\"og:type\" content=\"article\" \/>\n<meta property=\"og:title\" content=\"Transmisi\u00f3n en vivo - Acotevel\" \/>\n<meta property=\"og:description\" content=\"transmisi\u00f3n en vivo contenido cultural y noticioso de la provincia de V\u00e9lez\" \/>\n<meta property=\"og:url\" content=\"https:\/\/acotevel.com.co\/index.php\/vivo\/\" \/>\n<meta property=\"og:site_name\" content=\"Acotevel\" \/>\n<meta property=\"article:modified_time\" content=\"2024-07-28T23:23:03+00:00\" \/>\n<meta name=\"twitter:card\" content=\"summary_large_image\" \/>\n<script type=\"application\/ld+json\" class=\"yoast-schema-graph\">{\"@context\":\"https:\/\/schema.org\",\"@graph\":[{\"@type\":\"WebPage\",\"@id\":\"https:\/\/acotevel.com.co\/index.php\/vivo\/\",\"url\":\"https:\/\/acotevel.com.co\/index.php\/vivo\/\",\"name\":\"Transmisi\u00f3n en vivo - Acotevel\",\"isPartOf\":{\"@id\":\"https:\/\/acotevel.com.co\/#website\"},\"datePublished\":\"2022-08-10T18:53:25+00:00\",\"dateModified\":\"2024-07-28T23:23:03+00:00\",\"description\":\"transmisi\u00f3n en vivo contenido cultural y noticioso de la provincia de V\u00e9lez\",\"breadcrumb\":{\"@id\":\"https:\/\/acotevel.com.co\/index.php\/vivo\/#breadcrumb\"},\"inLanguage\":\"es\",\"potentialAction\":[{\"@type\":\"ReadAction\",\"target\":[\"https:\/\/acotevel.com.co\/index.php\/vivo\/\"]}]},{\"@type\":\"BreadcrumbList\",\"@id\":\"https:\/\/acotevel.com.co\/index.php\/vivo\/#breadcrumb\",\"itemListElement\":[{\"@type\":\"ListItem\",\"position\":1,\"name\":\"Portada\",\"item\":\"https:\/\/acotevel.com.co\/\"},{\"@type\":\"ListItem\",\"position\":2,\"name\":\"Transmisi\u00f3n en vivo\"}]},{\"@type\":\"WebSite\",\"@id\":\"https:\/\/acotevel.com.co\/#website\",\"url\":\"https:\/\/acotevel.com.co\/\",\"name\":\"Acotevel\",\"description\":\"Canal Comunitario\",\"potentialAction\":[{\"@type\":\"SearchAction\",\"target\":{\"@type\":\"EntryPoint\",\"urlTemplate\":\"https:\/\/acotevel.com.co\/?s={search_term_string}\"},\"query-input\":\"required name=search_term_string\"}],\"inLanguage\":\"es\"}]}<\/script>\n<!-- \/ Yoast SEO plugin. -->","yoast_head_json":{"title":"Transmisi\u00f3n en vivo - Acotevel","description":"transmisi\u00f3n en vivo contenido cultural y noticioso de la provincia de V\u00e9lez","robots":{"index":"index","follow":"follow","max-snippet":"max-snippet:-1","max-image-preview":"max-image-preview:large","max-video-preview":"max-video-preview:-1"},"canonical":"https:\/\/acotevel.com.co\/index.php\/vivo\/","og_locale":"es_ES","og_type":"article","og_title":"Transmisi\u00f3n en vivo - Acotevel","og_description":"transmisi\u00f3n en vivo contenido cultural y noticioso de la provincia de V\u00e9lez","og_url":"https:\/\/acotevel.com.co\/index.php\/vivo\/","og_site_name":"Acotevel","article_modified_time":"2024-07-28T23:23:03+00:00","twitter_card":"summary_large_image","schema":{"@context":"https:\/\/schema.org","@graph":[{"@type":"WebPage","@id":"https:\/\/acotevel.com.co\/index.php\/vivo\/","url":"https:\/\/acotevel.com.co\/index.php\/vivo\/","name":"Transmisi\u00f3n en vivo - Acotevel","isPartOf":{"@id":"https:\/\/acotevel.com.co\/#website"},"datePublished":"2022-08-10T18:53:25+00:00","dateModified":"2024-07-28T23:23:03+00:00","description":"transmisi\u00f3n en vivo contenido cultural y noticioso de la provincia de V\u00e9lez","breadcrumb":{"@id":"https:\/\/acotevel.com.co\/index.php\/vivo\/#breadcrumb"},"inLanguage":"es","potentialAction":[{"@type":"ReadAction","target":["https:\/\/acotevel.com.co\/index.php\/vivo\/"]}]},{"@type":"BreadcrumbList","@id":"https:\/\/acotevel.com.co\/index.php\/vivo\/#breadcrumb","itemListElement":[{"@type":"ListItem","position":1,"name":"Portada","item":"https:\/\/acotevel.com.co\/"},{"@type":"ListItem","position":2,"name":"Transmisi\u00f3n en vivo"}]},{"@type":"WebSite","@id":"https:\/\/acotevel.com.co\/#website","url":"https:\/\/acotevel.com.co\/","name":"Acotevel","description":"Canal Comunitario","potentialAction":[{"@type":"SearchAction","target":{"@type":"EntryPoint","urlTemplate":"https:\/\/acotevel.com.co\/?s={search_term_string}"},"query-input":"required name=search_term_string"}],"inLanguage":"es"}]}},"_links":{"self":[{"href":"https:\/\/acotevel.com.co\/index.php\/wp-json\/wp\/v2\/pages\/2","targetHints":{"allow":["GET"]}}],"collection":[{"href":"https:\/\/acotevel.com.co\/index.php\/wp-json\/wp\/v2\/pages"}],"about":[{"href":"https:\/\/acotevel.com.co\/index.php\/wp-json\/wp\/v2\/types\/page"}],"author":[{"embeddable":true,"href":"https:\/\/acotevel.com.co\/index.php\/wp-json\/wp\/v2\/users\/1"}],"replies":[{"embeddable":true,"href":"https:\/\/acotevel.com.co\/index.php\/wp-json\/wp\/v2\/comments?post=2"}],"version-history":[{"count":32,"href":"https:\/\/acotevel.com.co\/index.php\/wp-json\/wp\/v2\/pages\/2\/revisions"}],"predecessor-version":[{"id":631,"href":"https:\/\/acotevel.com.co\/index.php\/wp-json\/wp\/v2\/pages\/2\/revisions\/631"}],"wp:attachment":[{"href":"https:\/\/acotevel.com.co\/index.php\/wp-json\/wp\/v2\/media?parent=2"}],"curies":[{"name":"wp","href":"https:\/\/api.w.org\/{rel}","templated":true}]}}